{"id":5,"date":"2010-03-27T11:42:50","date_gmt":"2010-03-27T14:42:50","guid":{"rendered":"http:\/\/nuits.local\/?page_id=5"},"modified":"2023-09-26T21:12:38","modified_gmt":"2023-09-26T23:12:38","slug":"rooms-chambres","status":"publish","type":"page","link":"https:\/\/nuitssaintpierre.com\/?page_id=5","title":{"rendered":"Nos chambres"},"content":{"rendered":" <div data-elementor-type=\"wp-page\" data-elementor-id=\"5\" class=\"elementor elementor-5\"> <section class=\"elementor-section elementor-top-section elementor-element elementor-element-8218ffb elementor-section-boxed elementor-section-height-default elementor-section-height-default\" data-id=\"8218ffb\" data-element_type=\"section\"> <div class=\"elementor-container elementor-column-gap-default\"> <div class=\"elementor-column elementor-col-100 elementor-top-column elementor-element elementor-element-f2bb0c9\" data-id=\"f2bb0c9\" data-element_type=\"column\"> <div class=\"elementor-widget-wrap elementor-element-populated\"> <div class=\"elementor-element elementor-element-148683e8 elementor-widget elementor-widget-text-editor\" data-id=\"148683e8\" data-element_type=\"widget\" data-widget_type=\"text-editor.default\"> <div class=\"elementor-widget-container\"> <p><\/p>\n<h3>Nuits Saint-Pierre, un accueil sur mesure.<\/h3> <p>Nuits Saint-Pierre abrite une suite et quatre chambres haut-de-gamme&nbsp; o\u00f9 la d\u00e9coration sophistiqu\u00e9e n\u2019a d\u2019\u00e9gal que le souci de confort qui nous a guid\u00e9.<\/p>\n<p>Parce qu\u2019il est impossible d\u2019appr\u00e9cier une belle chambre si le lit n\u2019est pas parfait, nous sommes \u00e9quip\u00e9s de matelas et sommiers Heavenly Beds\u00a9, de taille king ou queen. Pour un confort r\u00e9ellement \u00ab c\u00e9leste \u00bb les linges de lit, couettes, oreillers et linges \u00e9ponge ont tous \u00e9t\u00e9 choisis chez l\u2019un des plus prestigieux fabricants de textile fran\u00e7ais.<\/p>\n<p>Les salles de bain sont toutes \u00e9quip\u00e9es de s\u00e8che-cheveux.<\/p>\n<p>Dans votre chambre, vous appr\u00e9cierez l\u2019\u00e9cran plat et l\u2019acc\u00e8s internet gratuit par wi-fi. <strong>Toutes les chambres et la suite sont non-fumeurs.<\/strong><\/p>\n<p>Un service de buanderie et de concierge est&nbsp; \u00e0 votre disposition.<\/p>\n<p><a href=\"http:\/\/nuitssaintpierre.com\/tea-time\/\">Le petit d\u00e9jeuner<\/a> est inclus dans le prix !<\/p>\n<p>La taxe de s\u00e9jour affect\u00e9e \u00e0 la Collectivit\u00e9 territoriale de 5% est seulement calcul\u00e9e sur le prix de la nuit\u00e9es et non sur les produits annexes.<\/p>\n<p>Personne additionnelle : 20 euros.<\/p>\n<h4>En saison estivale nous prenons les r\u00e9servations pour une seule nuit uniquement par <a href=\"http:\/\/nuitssaintpierre.com\/contact-us\/\">email<\/a> ou par t\u00e9l\u00e9phone, contactez nous au 011 508 55 54 88<\/h4>\n<h4>Tarifs sp\u00e9ciaux pour les s\u00e9jours de plus de 7 nuits, contactez-nous !<\/h4>\n<p><\/p>\n<h3>Nuits Saint-Pierre, un accueil sur mesure.<\/h3> <p>Nuits Saint-Pierre abrite une suite et quatre chambres haut-de-gamme&nbsp; o\u00f9 la d\u00e9coration sophistiqu\u00e9e n\u2019a d\u2019\u00e9gal que le souci de confort qui nous a guid\u00e9.<\/p>\n<p>Parce qu\u2019il est impossible d\u2019appr\u00e9cier une belle chambre si le lit n\u2019est pas parfait, nous sommes \u00e9quip\u00e9s de matelas et sommiers Heavenly Beds\u00a9, de taille king ou queen. Pour un confort r\u00e9ellement \u00ab c\u00e9leste \u00bb les linges de lit, couettes, oreillers et linges \u00e9ponge ont tous \u00e9t\u00e9 choisis chez l\u2019un des plus prestigieux fabricants de textile fran\u00e7ais.<\/p>\n<p>Les salles de bain sont toutes \u00e9quip\u00e9es de s\u00e8che-cheveux.<\/p>\n<p>Dans votre chambre, vous appr\u00e9cierez l\u2019\u00e9cran plat et l\u2019acc\u00e8s internet gratuit par wi-fi. <strong>Toutes les chambres et la suite sont non-fumeurs.<\/strong><\/p>\n<p>Un service de buanderie et de concierge est&nbsp; \u00e0 votre disposition.<\/p>\n<p><a href=\"http:\/\/nuitssaintpierre.com\/tea-time\/\">Le petit d\u00e9jeuner<\/a> est inclus dans le prix !<\/p>\n<p>La taxe de s\u00e9jour affect\u00e9e \u00e0 la Collectivit\u00e9 territoriale de 5% est seulement calcul\u00e9e sur le prix de la nuit\u00e9es et non sur les produits annexes.<\/p>\n<p>Personne additionnelle : 20 euros.<\/p>\n<h4>En saison estivale nous prenons les r\u00e9servations pour une seule nuit uniquement par <a href=\"http:\/\/nuitssaintpierre.com\/contact-us\/\">email<\/a> ou par t\u00e9l\u00e9phone, contactez nous au 011 508 55 54 88<\/h4>\n<h4>Tarifs sp\u00e9ciaux pour les s\u00e9jours de plus de 7 nuits, contactez-nous !<\/h4>\n<p><\/p> <\/div> <\/div> <\/div> <\/div> <\/div> <\/section> <\/div> ","protected":false},"excerpt":{"rendered":"<p>Nuits Saint-Pierre, un accueil sur mesure.<\/p>\n<p>Nuits Saint-Pierre abrite une suite et quatre chambres haut-de-gamme&nbsp; o\u00f9 la d\u00e9coration sophistiqu\u00e9e n\u2019a d\u2019\u00e9gal que le souci de confort qui nous a guid\u00e9.<br \/>\nParce qu\u2019il est impossible d\u2019appr\u00e9cier une belle chambre si le lit n\u2019est pas parfait, nous sommes \u00e9quip\u00e9s de matelas et sommiers Heavenly Beds\u00a9, de taille king ou queen. Pour un confort r\u00e9ellement <\/p>\n","protected":false},"author":2,"featured_media":0,"parent":0,"menu_order":2,"comment_status":"open","ping_status":"open","template":"","meta":{"_mi_skip_tracking":false},"_links":{"self":[{"href":"https:\/\/nuitssaintpierre.com\/index.php?rest_route=\/wp\/v2\/pages\/5"}],"collection":[{"href":"https:\/\/nuitssaintpierre.com\/index.php?rest_route=\/wp\/v2\/pages"}],"about":[{"href":"https:\/\/nuitssaintpierre.com\/index.php?rest_route=\/wp\/v2\/types\/page"}],"author":[{"embeddable":true,"href":"https:\/\/nuitssaintpierre.com\/index.php?rest_route=\/wp\/v2\/users\/2"}],"replies":[{"embeddable":true,"href":"https:\/\/nuitssaintpierre.com\/index.php?rest_route=%2Fwp%2Fv2%2Fcomments&post=5"}],"version-history":[{"count":16,"href":"https:\/\/nuitssaintpierre.com\/index.php?rest_route=\/wp\/v2\/pages\/5\/revisions"}],"predecessor-version":[{"id":10923,"href":"https:\/\/nuitssaintpierre.com\/index.php?rest_route=\/wp\/v2\/pages\/5\/revisions\/10923"}],"wp:attachment":[{"href":"https:\/\/nuitssaintpierre.com\/index.php?rest_route=%2Fwp%2Fv2%2Fmedia&parent=5"}],"curies":[{"name":"wp","href":"https:\/\/api.w.org\/{rel}","templated":true}]}}