{"id":234,"date":"2010-05-06T21:23:54","date_gmt":"2010-05-07T00:23:54","guid":{"rendered":"http:\/\/nuitssaintpierre.com\/?page_id=234"},"modified":"2023-03-27T09:48:25","modified_gmt":"2023-03-27T11:48:25","slug":"packages-forfaits","status":"publish","type":"page","link":"https:\/\/nuitssaintpierre.com\/?page_id=234","title":{"rendered":"Nos Forfaits"},"content":{"rendered":"<p><\/p>\n<h3>Le forfait Nuit de Noces,<\/h3>\n<p><img decoding=\"async\" loading=\"lazy\" class=\"wp-image-243 size-medium alignright\" title=\"champagne trinque\" src=\"http:\/\/nuitssaintpierre.com\/wp-content\/uploads\/2010\/05\/champagne-trinque-251x300.jpg\" alt=\"un couple de mari\u00e9s trinque avec des flutes de champagne\" width=\"251\" height=\"300\" srcset=\"https:\/\/nuitssaintpierre.com\/wp-content\/uploads\/2010\/05\/champagne-trinque-251x300.jpg 251w, https:\/\/nuitssaintpierre.com\/wp-content\/uploads\/2010\/05\/champagne-trinque.jpg 634w\" sizes=\"(max-width: 251px) 100vw, 251px\" \/>Nuits Saint-Pierre vous ouvre sa suite nuptiale ou les autres chambres et vous propose sa formule Nuit de Noces. En plus d&rsquo;un h\u00e9bergement haut-de-gamme pour tous ses clients, assurant intimit\u00e9 et confort, le personnel de Nuits Saint-Pierre sera enti\u00e8rement d\u00e9di\u00e9 \u00e0 rendre inoubliable l&rsquo;un des moments les plus importants d&rsquo;une vie.<\/p>\n<p><img decoding=\"async\" loading=\"lazy\" class=\"alignnone size-medium wp-image-10707\" src=\"http:\/\/nuitssaintpierre.com\/wp-content\/uploads\/2023\/03\/EBA19188-7186-4EEB-BA20-CC900D7FEBE2-225x300.jpeg\" alt=\"\" width=\"225\" height=\"300\" srcset=\"https:\/\/nuitssaintpierre.com\/wp-content\/uploads\/2023\/03\/EBA19188-7186-4EEB-BA20-CC900D7FEBE2-225x300.jpeg 225w, https:\/\/nuitssaintpierre.com\/wp-content\/uploads\/2023\/03\/EBA19188-7186-4EEB-BA20-CC900D7FEBE2-768x1024.jpeg 768w, https:\/\/nuitssaintpierre.com\/wp-content\/uploads\/2023\/03\/EBA19188-7186-4EEB-BA20-CC900D7FEBE2-1152x1536.jpeg 1152w, https:\/\/nuitssaintpierre.com\/wp-content\/uploads\/2023\/03\/EBA19188-7186-4EEB-BA20-CC900D7FEBE2-1536x2048.jpeg 1536w, https:\/\/nuitssaintpierre.com\/wp-content\/uploads\/2023\/03\/EBA19188-7186-4EEB-BA20-CC900D7FEBE2-scaled.jpeg 1920w\" sizes=\"(max-width: 225px) 100vw, 225px\" \/><\/p>\n<h4><img decoding=\"async\" loading=\"lazy\" class=\"alignnone size-medium wp-image-10709\" src=\"http:\/\/nuitssaintpierre.com\/wp-content\/uploads\/2023\/03\/5065B63A-B4E5-46E0-A282-FD43436567C5-225x300.jpeg\" alt=\"\" width=\"225\" height=\"300\" srcset=\"https:\/\/nuitssaintpierre.com\/wp-content\/uploads\/2023\/03\/5065B63A-B4E5-46E0-A282-FD43436567C5-225x300.jpeg 225w, https:\/\/nuitssaintpierre.com\/wp-content\/uploads\/2023\/03\/5065B63A-B4E5-46E0-A282-FD43436567C5-768x1024.jpeg 768w, https:\/\/nuitssaintpierre.com\/wp-content\/uploads\/2023\/03\/5065B63A-B4E5-46E0-A282-FD43436567C5-1152x1536.jpeg 1152w, https:\/\/nuitssaintpierre.com\/wp-content\/uploads\/2023\/03\/5065B63A-B4E5-46E0-A282-FD43436567C5-1536x2048.jpeg 1536w, https:\/\/nuitssaintpierre.com\/wp-content\/uploads\/2023\/03\/5065B63A-B4E5-46E0-A282-FD43436567C5-scaled.jpeg 1920w\" sizes=\"(max-width: 225px) 100vw, 225px\" \/><\/h4>\n<h4>L&rsquo;offre Nuit de Noces comprend :<\/h4>\n<ul>\n<li>une bouteille de champagne dans son seau \u00e0 glace<\/li>\n<li>des fleurs,<\/li>\n<li>Une bouteille de vin (rouge ou ros\u00e9e)<\/li>\n<li>un plat de charcuteries<\/li>\n<li>une baguette fran\u00e7aise<\/li>\n<li>cube de fromage<\/li>\n<li>olives italiennes<\/li>\n<li>le petit d\u00e9jeuner servi \u00e0 la chambre, jusqu&rsquo;\u00e0 12h00<\/li>\n<\/ul>\n<p>Pour un bonheur parfait, prenez votre temps.\u00a0Vous pourrez disposer de votre chambre \u00e0 partir de 13h00 le jour de votre arriv\u00e9e et jusqu&rsquo;\u00e0 14h00 le lendemain.<\/p>\n<h3>Le forfait Nuit Romantique<\/h3>\n<p>Anniversaire de mariage, occasions sp\u00e9ciales ou simplement pour le plaisir de se retrouver hors de chez soi&#8230; Le forfait romantique c&rsquo;est une pause dans le tumulte du quotidien.<\/p>\n<p><img decoding=\"async\" loading=\"lazy\" class=\"alignnone size-medium wp-image-10707\" src=\"http:\/\/nuitssaintpierre.com\/wp-content\/uploads\/2023\/03\/EBA19188-7186-4EEB-BA20-CC900D7FEBE2-225x300.jpeg\" alt=\"\" width=\"225\" height=\"300\" srcset=\"https:\/\/nuitssaintpierre.com\/wp-content\/uploads\/2023\/03\/EBA19188-7186-4EEB-BA20-CC900D7FEBE2-225x300.jpeg 225w, https:\/\/nuitssaintpierre.com\/wp-content\/uploads\/2023\/03\/EBA19188-7186-4EEB-BA20-CC900D7FEBE2-768x1024.jpeg 768w, https:\/\/nuitssaintpierre.com\/wp-content\/uploads\/2023\/03\/EBA19188-7186-4EEB-BA20-CC900D7FEBE2-1152x1536.jpeg 1152w, https:\/\/nuitssaintpierre.com\/wp-content\/uploads\/2023\/03\/EBA19188-7186-4EEB-BA20-CC900D7FEBE2-1536x2048.jpeg 1536w, https:\/\/nuitssaintpierre.com\/wp-content\/uploads\/2023\/03\/EBA19188-7186-4EEB-BA20-CC900D7FEBE2-scaled.jpeg 1920w\" sizes=\"(max-width: 225px) 100vw, 225px\" \/><\/p>\n<h4>L&rsquo;offre Forfait Romantique comprend :<\/h4>\n<ul>\n<li>une bouteille de champagne dans son seau \u00e0 glace<\/li>\n<li>des fleurs,<\/li>\n<li>Des chocolats de qualit\u00e9<\/li>\n<li>le petit d\u00e9jeuner servi \u00e0 la chambre, jusqu&rsquo;\u00e0 12h00<\/li>\n<\/ul>\n<p>Pour un bonheur parfait, prenez votre temps.\u00a0Vous pourrez disposer de votre chambre \u00e0 partir de 13h00 le jour de votre arriv\u00e9e et jusqu&rsquo;\u00e0 14h00 le lendemain.<\/p>\n<h3>Le forfait FRANCE<\/h3>\n<p>Quoi de telle qu\u2019une bouteille de vin, baguette, charcuteries et fromage pour repr\u00e9senter la Patrie Fran\u00e7aise.<\/p>\n<p><img decoding=\"async\" loading=\"lazy\" class=\"alignnone size-medium wp-image-10704\" src=\"http:\/\/nuitssaintpierre.com\/wp-content\/uploads\/2023\/03\/CA122B68-424B-4C01-9856-88DEFEF0124E-300x300.jpeg\" alt=\"\" width=\"300\" height=\"300\" srcset=\"https:\/\/nuitssaintpierre.com\/wp-content\/uploads\/2023\/03\/CA122B68-424B-4C01-9856-88DEFEF0124E-300x300.jpeg 300w, https:\/\/nuitssaintpierre.com\/wp-content\/uploads\/2023\/03\/CA122B68-424B-4C01-9856-88DEFEF0124E-1024x1024.jpeg 1024w, https:\/\/nuitssaintpierre.com\/wp-content\/uploads\/2023\/03\/CA122B68-424B-4C01-9856-88DEFEF0124E-150x150.jpeg 150w, https:\/\/nuitssaintpierre.com\/wp-content\/uploads\/2023\/03\/CA122B68-424B-4C01-9856-88DEFEF0124E-768x768.jpeg 768w, https:\/\/nuitssaintpierre.com\/wp-content\/uploads\/2023\/03\/CA122B68-424B-4C01-9856-88DEFEF0124E-1536x1536.jpeg 1536w, https:\/\/nuitssaintpierre.com\/wp-content\/uploads\/2023\/03\/CA122B68-424B-4C01-9856-88DEFEF0124E-2048x2048.jpeg 2048w\" sizes=\"(max-width: 300px) 100vw, 300px\" \/><\/p>\n<p><span style=\"color: #000000; font-size: 1rem;\">L&rsquo;offre France comprend :<\/span><\/p>\n<ul>\n<li>Une bouteille de vin (rouge ou ros\u00e9e)<\/li>\n<li>un plat de charcuteries<\/li>\n<li>une baguette fran\u00e7aise<\/li>\n<li>cube de fromage<\/li>\n<li>olives italiennes<\/li>\n<\/ul>\n<p><\/p>","protected":false},"excerpt":{"rendered":"<p>Le forfait Nuit de Noces,<br \/>\nNuits Saint-Pierre vous ouvre sa suite nuptiale ou les autres chambres et vous propose sa formule Nuit de Noces. En plus d&rsquo;un h\u00e9bergement haut-de-gamme pour tous ses clients, assurant intimit\u00e9 et confort, le personnel de Nuits Saint-Pierre sera enti\u00e8rement d\u00e9di\u00e9 \u00e0 rendre inoubliable l&rsquo;un des moments les plus importants d&rsquo;une vie.<\/p>\n<p>L&rsquo;offre Nuit de Noces comprend :<\/p>\n<p>une <\/p>\n","protected":false},"author":2,"featured_media":0,"parent":0,"menu_order":4,"comment_status":"open","ping_status":"open","template":"","meta":{"_mi_skip_tracking":false},"_links":{"self":[{"href":"https:\/\/nuitssaintpierre.com\/index.php?rest_route=\/wp\/v2\/pages\/234"}],"collection":[{"href":"https:\/\/nuitssaintpierre.com\/index.php?rest_route=\/wp\/v2\/pages"}],"about":[{"href":"https:\/\/nuitssaintpierre.com\/index.php?rest_route=\/wp\/v2\/types\/page"}],"author":[{"embeddable":true,"href":"https:\/\/nuitssaintpierre.com\/index.php?rest_route=\/wp\/v2\/users\/2"}],"replies":[{"embeddable":true,"href":"https:\/\/nuitssaintpierre.com\/index.php?rest_route=%2Fwp%2Fv2%2Fcomments&post=234"}],"version-history":[{"count":9,"href":"https:\/\/nuitssaintpierre.com\/index.php?rest_route=\/wp\/v2\/pages\/234\/revisions"}],"predecessor-version":[{"id":10713,"href":"https:\/\/nuitssaintpierre.com\/index.php?rest_route=\/wp\/v2\/pages\/234\/revisions\/10713"}],"wp:attachment":[{"href":"https:\/\/nuitssaintpierre.com\/index.php?rest_route=%2Fwp%2Fv2%2Fmedia&parent=234"}],"curies":[{"name":"wp","href":"https:\/\/api.w.org\/{rel}","templated":true}]}}