{"id":1228,"date":"2016-07-19T13:32:01","date_gmt":"2016-07-19T15:32:01","guid":{"rendered":"http:\/\/nuitssaintpierre.com\/?page_id=1228"},"modified":"2023-09-26T18:50:14","modified_gmt":"2023-09-26T20:50:14","slug":"cancellation-policy","status":"publish","type":"page","link":"https:\/\/nuitssaintpierre.com\/?page_id=1228","title":{"rendered":"Politique d&rsquo;annulation"},"content":{"rendered":"<p>Les annulations devront se faire 7 jours au plus avant votre arriv\u00e9e. Pour toute annulation faite moins de 7 jours avant votre arriv\u00e9e, la totalit\u00e9 du s\u00e9jour sera factur\u00e9e.<\/p>","protected":false},"excerpt":{"rendered":"<p>Les annulations devront se faire 7 jours au plus avant votre arriv\u00e9e. Pour toute annulation faite moins de 7 jours avant votre arriv\u00e9e, la totalit\u00e9 du s\u00e9jour sera factur\u00e9e.<\/p>\n","protected":false},"author":2,"featured_media":0,"parent":0,"menu_order":10,"comment_status":"closed","ping_status":"closed","template":"","meta":{"_mi_skip_tracking":false},"_links":{"self":[{"href":"https:\/\/nuitssaintpierre.com\/index.php?rest_route=\/wp\/v2\/pages\/1228"}],"collection":[{"href":"https:\/\/nuitssaintpierre.com\/index.php?rest_route=\/wp\/v2\/pages"}],"about":[{"href":"https:\/\/nuitssaintpierre.com\/index.php?rest_route=\/wp\/v2\/types\/page"}],"author":[{"embeddable":true,"href":"https:\/\/nuitssaintpierre.com\/index.php?rest_route=\/wp\/v2\/users\/2"}],"replies":[{"embeddable":true,"href":"https:\/\/nuitssaintpierre.com\/index.php?rest_route=%2Fwp%2Fv2%2Fcomments&post=1228"}],"version-history":[{"count":4,"href":"https:\/\/nuitssaintpierre.com\/index.php?rest_route=\/wp\/v2\/pages\/1228\/revisions"}],"predecessor-version":[{"id":10908,"href":"https:\/\/nuitssaintpierre.com\/index.php?rest_route=\/wp\/v2\/pages\/1228\/revisions\/10908"}],"wp:attachment":[{"href":"https:\/\/nuitssaintpierre.com\/index.php?rest_route=%2Fwp%2Fv2%2Fmedia&parent=1228"}],"curies":[{"name":"wp","href":"https:\/\/api.w.org\/{rel}","templated":true}]}}