{"id":104,"date":"2010-04-26T01:08:31","date_gmt":"2010-04-26T04:08:31","guid":{"rendered":"http:\/\/nuitssaintpierre.com\/tea-time\/"},"modified":"2023-03-27T08:43:37","modified_gmt":"2023-03-27T10:43:37","slug":"amenities-service-prestations","status":"publish","type":"page","link":"https:\/\/nuitssaintpierre.com\/?page_id=104","title":{"rendered":"Nos prestations"},"content":{"rendered":"<p><\/p>\n<h3>Le petit d\u00e9jeuner<\/h3>\n<h4><img decoding=\"async\" loading=\"lazy\" class=\"alignright size-full wp-image-125\" title=\"Breakfast\" src=\"http:\/\/nuitssaintpierre.com\/wp-content\/uploads\/2010\/04\/4551017834_fc8b93ff15_o-e1272497136121.jpg\" alt=\"Breakfast Photo\" width=\"200\" height=\"200\" srcset=\"https:\/\/nuitssaintpierre.com\/wp-content\/uploads\/2010\/04\/4551017834_fc8b93ff15_o-e1272497136121.jpg 200w, https:\/\/nuitssaintpierre.com\/wp-content\/uploads\/2010\/04\/4551017834_fc8b93ff15_o-e1272497136121-150x150.jpg 150w\" sizes=\"(max-width: 200px) 100vw, 200px\" \/>Le petit d\u00e9jeuner est servi entre 7h30 et 9h30 la semaine et entre 8h et 10h les samedis et dimanches.<\/h4>\n<p>A Nuits Saint-Pierre, le petit d\u00e9jeuner n&rsquo;est pas une formalit\u00e9, c&rsquo;est d&rsquo;abord un moment de plaisir avec pour mots d&rsquo;ordre: saveurs, \u00e9quilibre et g\u00e9n\u00e9rosit\u00e9.<\/p>\n<p>Quoi de mieux que des tr\u00e8s bonnes viennoiseries fran\u00e7aises (pain au chocolat, croissant etc..) sans oublier notre baguette.<\/p>\n<p>Le tout accompagn\u00e9 d\u2019un choix de jus (Orange ou pomme) de caf\u00e9s s\u00e9lectionn\u00e9s pour la richesse de leurs ar\u00f4mes ou de th\u00e9s en feuilles parmi les plus appr\u00e9ci\u00e9s ( English Breakfast, Earl Grey, Darjeeling, th\u00e9s verts etc. )<\/p>\n<h4><\/h4>\n<h3><\/h3>\n<p><\/p>","protected":false},"excerpt":{"rendered":"<p>Le petit d\u00e9jeuner<br \/>\nLe petit d\u00e9jeuner est servi entre 7h30 et 9h30 la semaine et entre 8h et 10h les samedis et dimanches.<br \/>\nA Nuits Saint-Pierre, le petit d\u00e9jeuner n&rsquo;est pas une formalit\u00e9, c&rsquo;est d&rsquo;abord un moment de plaisir avec pour mots d&rsquo;ordre: saveurs, \u00e9quilibre et g\u00e9n\u00e9rosit\u00e9.<br \/>\nQuoi de mieux que des tr\u00e8s bonnes viennoiseries fran\u00e7aises (pain au chocolat, croissant etc..) sans oublier <\/p>\n","protected":false},"author":2,"featured_media":0,"parent":0,"menu_order":3,"comment_status":"open","ping_status":"open","template":"","meta":{"_mi_skip_tracking":false},"_links":{"self":[{"href":"https:\/\/nuitssaintpierre.com\/index.php?rest_route=\/wp\/v2\/pages\/104"}],"collection":[{"href":"https:\/\/nuitssaintpierre.com\/index.php?rest_route=\/wp\/v2\/pages"}],"about":[{"href":"https:\/\/nuitssaintpierre.com\/index.php?rest_route=\/wp\/v2\/types\/page"}],"author":[{"embeddable":true,"href":"https:\/\/nuitssaintpierre.com\/index.php?rest_route=\/wp\/v2\/users\/2"}],"replies":[{"embeddable":true,"href":"https:\/\/nuitssaintpierre.com\/index.php?rest_route=%2Fwp%2Fv2%2Fcomments&post=104"}],"version-history":[{"count":10,"href":"https:\/\/nuitssaintpierre.com\/index.php?rest_route=\/wp\/v2\/pages\/104\/revisions"}],"predecessor-version":[{"id":10697,"href":"https:\/\/nuitssaintpierre.com\/index.php?rest_route=\/wp\/v2\/pages\/104\/revisions\/10697"}],"wp:attachment":[{"href":"https:\/\/nuitssaintpierre.com\/index.php?rest_route=%2Fwp%2Fv2%2Fmedia&parent=104"}],"curies":[{"name":"wp","href":"https:\/\/api.w.org\/{rel}","templated":true}]}}