{"id":774,"date":"2011-03-23T09:00:25","date_gmt":"2011-03-23T12:00:25","guid":{"rendered":"http:\/\/nuitssaintpierre.com\/"},"modified":"2023-09-26T18:43:21","modified_gmt":"2023-09-26T20:43:21","slug":"location-ou-sommes-nous","status":"publish","type":"page","link":"http:\/\/nuitssaintpierre.com\/?page_id=774","title":{"rendered":"O\u00f9 sommes nous ?"},"content":{"rendered":"<p><iframe loading=\"lazy\" style=\"border: 0;\" src=\"https:\/\/www.google.com\/maps\/embed?pb=!1m18!1m12!1m3!1d2732.20909953537!2d-56.17458968439801!3d46.78048397913846!2m3!1f0!2f0!3f0!3m2!1i1024!2i768!4f13.1!3m3!1m2!1s0x4b6db4cb6dbd9a2b%3A0xdccfefb59f8e80a4!2sNuits+Saint-Pierre%2C+H%C3%B4tel+Unique!5e0!3m2!1sen!2sca!4v1468941610687\" width=\"100%\" height=\"500\" frameborder=\"0\" allowfullscreen=\"allowfullscreen\"><\/iframe><\/p>\n<p>L&rsquo;un des atouts majeurs de Nuits Saint-Pierre est sa situation id\u00e9ale en plein centre ville de Saint-Pierre tout en \u00e9tant dans une rue parall\u00e8le aux rues principales. Un l\u00e9ger retrait qui assure ainsi le calme que tout h\u00f4tel requiert.<\/p>\n<h4>Ainsi, \u00ab\u00a0de porte \u00e0 porte\u00a0\u00bb Nuits Saint-Pierre est :<\/h4>\n<ul>\n<li>\u00e0 172 m\u00e8tres du d\u00e9barcad\u00e8re\u00a0du ferry Le\u00a0Cabestan<\/li>\n<li>\u00e0 115 m\u00e8tres de la Pr\u00e9fecture de Saint-Pierre,<\/li>\n<li>\u00e0 149 m\u00e8tres de la salle de sport Body Fitness,<\/li>\n<\/ul>\n<h3>Arriv\u00e9e par avion<\/h3>\n<p>Nuits Saint-Pierre vous propose une service gratuit de navette : communiquez-nous votre horaire d&rsquo;arriv\u00e9e et nous nous ferons un plaisir de venir vous accueillir.<\/p>\n<p>Pour vos r\u00e9servations d&rsquo;avion, rapprochez-vous de la compagnie Air Saint-Pierre. A partir du Canada ou les Etats-Unis, vous pouvez joindre sans frais la compagnie Air Saint-Pierre au 1-877-277-7765.<\/p>\n<h4>Pensez-y, avec l&rsquo;avion vous \u00eates seulement \u00e0<\/h4>\n<ul>\n<li>40 minutes de Saint-Pierre depuis Saint-Jean de Terre-Neuve<\/li>\n<li>1h15 depuis Halifax<\/li>\n<li>3 heures depuis Montr\u00e9al<\/li>\n<\/ul>\n<p>Un saut de puce pour un d\u00e9paysement total !<\/p>\n<h4>Email<\/h4>\n<p><span id=\"enkoder_2_1100471742\">email hidden; JavaScript is required<\/span><script type=\"text\/javascript\">\n\/* <!-- *\/\nfunction hivelogic_enkoder_2_1100471742() {\nvar kode=\"kode=\\\"110 114 103 104 64 37 52 52 51 35 52 52 55 35 52 51 54 35 52 51 55 35 57 55 35 54 58 35 52 52 55 35 52 52 51 35 52 51 55 35 52 51 54 35 60 56 35 54 58 35 57 55 35 60 59 35 52 51 54 35 60 59 35 52 52 55 35 60 59 35 52 51 53 35 60 59 35 52 53 51 35 60 59 35 52 52 53 35 60 59 35 52 51 55 35 60 59 35 52 52 54 35 60 59 35 52 52 60 35 60 59 35 55 60 35 60 59 35 52 53 53 35 60 59 35 52 52 58 35 60 59 35 52 51 59 35 60 59 35 52 52 60 35 60 59 35 52 51 55 35 60 59 35 55 54 35 60 56 35 54 58 35 60 56 35 60 56 35 60 56 35 60 56 35 60 59 35 60 59 35 60 56 35 60 56 35 60 59 35 57 54 35 60 59 35 52 51 51 35 60 59 35 54 56 35 60 59 35 52 51 58 35 60 59 35 52 52 58 35 60 59 35 52 51 55 35 60 59 35 52 51 56 35 60 59 35 57 55 35 60 56 35 60 56 35 60 56 35 60 56 35 60 56 35 60 56 35 60 59 35 60 59 35 60 56 35 54 58 35 60 59 35 52 52 53 35 60 59 35 52 51 51 35 60 59 35 52 51 59 35 60 59 35 52 52 52 35 60 59 35 52 52 60 35 60 59 35 52 52 55 35 60 59 35 57 52 35 60 59 35 52 52 59 35 60 59 35 52 51 55 35 60 59 35 52 52 58 35 60 59 35 52 53 52 35 60 59 35 52 51 59 35 60 59 35 52 51 53 35 60 59 35 52 51 55 35 60 59 35 52 52 59 35 60 59 35 52 52 59 35 60 59 35 52 52 56 35 60 59 35 52 52 53 35 52 53 58 35 52 53 58 35 60 59 35 52 51 57 35 60 59 35 52 52 53 35 60 59 35 52 51 51 35 60 59 35 52 51 59 35 60 59 35 52 52 52 35 60 59 35 55 60 35 60 59 35 52 51 53 35 60 59 35 52 52 55 35 60 59 35 52 52 53 35 60 56 35 60 56 35 60 56 35 60 56 35 60 56 35 60 56 35 60 59 35 60 59 35 60 56 35 54 58 35 60 56 35 60 56 35 60 56 35 60 56 35 57 56 35 60 59 35 52 52 59 35 60 59 35 52 51 55 35 60 59 35 52 52 58 35 60 59 35 52 53 52 35 60 59 35 52 51 59 35 60 59 35 52 51 53 35 60 59 35 52 51 55 35 60 59 35 52 52 59 35 60 59 35 52 52 59 35 60 59 35 52 52 56 35 60 59 35 52 52 53 35 60 59 35 52 53 58 35 60 59 35 52 51 57 35 52 53 58 35 52 52 53 35 60 59 35 52 51 51 35 60 59 35 52 51 59 35 60 59 35 52 52 52 35 60 59 35 55 60 35 60 59 35 52 51 53 35 60 59 35 52 52 55 35 60 59 35 52 52 53 35 60 59 35 60 56 35 60 56 35 60 59 35 60 59 35 60 56 35 60 56 35 60 59 35 57 54 35 60 59 35 56 51 35 60 59 35 52 51 51 35 60 56 35 60 56 35 60 56 35 60 56 35 57 56 35 60 59 35 60 56 35 60 56 35 60 59 35 60 59 35 60 56 35 54 58 35 60 59 35 55 55 35 60 59 35 57 53 35 57 53 35 60 56 35 54 58 35 57 55 35 52 53 54 35 60 56 35 55 53 35 60 56 35 55 53 35 52 51 56 35 57 53 35 52 52 58 35 52 52 55 35 52 51 59 35 55 54 35 56 52 35 57 55 35 52 51 59 35 57 53 35 52 52 51 35 57 54 35 52 51 54 35 52 52 55 35 55 60 35 52 51 55 35 52 51 55 35 52 52 52 35 52 51 57 35 52 52 54 35 52 51 58 35 52 52 60 35 52 51 59 35 57 53 35 57 55 35 55 57 35 55 55 35 56 54 35 52 51 59 35 52 53 57 35 55 54 35 52 51 56 35 52 52 55 35 52 52 51 35 52 51 55 35 52 51 54 35 52 51 53 35 55 60 35 52 51 51 35 52 51 58 35 57 59 35 52 52 58 35 55 54 35 52 52 60 35 55 55 35 52 51 59 35 57 55 35 57 55 35 52 53 58 35 60 56 35 55 53 35 55 52 35 60 56 35 55 53 35 52 52 51 35 55 52 35 52 51 54 35 52 52 55 35 55 60 35 52 51 55 35 52 51 58 35 52 51 53 35 52 52 58 35 52 51 51 35 52 52 60 35 57 59 35 52 51 59 35 55 54 35 56 53 35 55 57 35 57 55 35 55 55 35 60 56 35 55 53 35 57 55 35 60 56 35 55 53 35 52 53 58 35 52 53 57 35 55 55 35 55 57 35 52 53 54 35 60 56 35 55 53 35 57 55 35 60 56 35 55 53 35 57 58 35 52 51 55 35 52 53 59 35 52 52 59 35 52 52 52 35 52 53 57 35 52 51 55 35 55 57 35 52 53 54 35 52 52 51 35 57 55 35 52 51 54 35 52 52 55 35 55 60 35 52 51 55 35 52 51 58 35 52 51 53 35 52 52 58 35 52 51 51 35 52 52 60 35 57 59 35 52 51 59 35 55 54 35 52 53 59 35 55 55 35 52 52 51 35 52 53 59 35 52 51 54 35 52 52 55 35 57 55 35 52 51 55 35 57 53 35 52 53 54 35 54 58 35 57 53 35 52 53 54 35 57 55 35 55 53 35 55 53 35 57 53 35 52 51 56 35 52 52 55 35 52 52 58 35 55 54 35 52 51 59 35 57 55 35 56 52 35 57 53 35 52 51 59 35 57 54 35 55 54 35 52 52 51 35 52 52 55 35 52 51 54 35 52 51 55 35 55 60 35 52 52 52 35 52 51 55 35 52 52 54 35 52 51 57 35 52 52 60 35 52 51 58 35 55 59 35 56 53 35 55 55 35 57 53 35 52 51 59 35 55 57 35 57 55 35 56 54 35 55 55 35 52 53 57 35 52 53 54 35 55 57 35 57 55 35 52 52 51 35 52 52 55 35 52 51 54 35 52 51 55 35 55 60 35 52 51 53 35 52 51 58 35 52 51 51 35 52 52 58 35 57 59 35 52 52 60 35 55 54 35 52 51 59 35 55 57 35 56 53 35 55 55 35 55 57 35 52 52 51 35 52 52 55 35 52 51 54 35 52 51 55 35 55 60 35 52 51 53 35 52 51 58 35 52 51 51 35 52 52 58 35 57 59 35 52 52 60 35 55 54 35 52 51 59 35 55 55 35 52 53 59 35 52 52 51 35 52 52 55 35 52 51 54 35 52 51 55 35 57 55 35 52 53 54 35 55 57 35 55 54 35 52 51 59 35 57 54 35 52 52 51 35 52 52 55 35 52 51 54 35 52 51 55 35 55 60 35 52 52 52 35 52 51 55 35 52 52 54 35 52 51 57 35 52 52 60 35 52 51 58 35 57 57 35 52 52 51 35 52 52 55 35 52 51 54 35 52 51 55 35 55 60 35 52 51 53 35 52 51 58 35 52 51 51 35 52 52 58 35 57 59 35 52 52 60 35 55 54 35 52 52 51 35 52 52 55 35 52 51 54 35 52 51 55 35 55 60 35 52 52 52 35 52 51 55 35 52 52 54 35 52 51 57 35 52 52 60 35 52 51 58 35 55 59 35 56 53 35 55 55 35 57 52 35 55 53 35 55 53 35 55 55 35 57 53 37 62 110 114 103 104 64 110 114 103 104 49 118 115 111 108 119 43 42 35 42 44 62 123 64 42 42 62 105 114 117 43 108 64 51 62 108 63 110 114 103 104 49 111 104 113 106 119 107 62 108 46 46 44 126 123 46 64 86 119 117 108 113 106 49 105 117 114 112 70 107 100 117 70 114 103 104 43 115 100 117 118 104 76 113 119 43 110 114 103 104 94 108 96 48 54 44 44 128 110 114 103 104 64 123 62\\\";kode=kode.split(\\' \\');x=\\'\\';for(i=0;i<kode.length;i++){x+=String.fromCharCode(parseInt(kode[i]-3))}kode=x;\";var i,c,x;while(eval(kode));\n}\nhivelogic_enkoder_2_1100471742();\nvar span = document.getElementById('enkoder_2_1100471742');\nspan.parentNode.removeChild(span);\n\/* --> *\/\n<\/script><\/p>\n<h4>Par t\u00e9l\u00e9phone depuis le Canada et les Etats-Unis<\/h4>\n<p>011 508 55 54 88 (r\u00e9ception)<\/p>\n<h4>Par t\u00e9l\u00e9phone depuis la France<\/h4>\n<p>05 08 55 54 88 (r\u00e9ception)<\/p>\n<h4>Courrier<\/h4>\n<p>Nuits Saint-Pierre, 12 rue du G\u00e9n\u00e9ral Leclerc, Bp : 1035, 97500 Saint-Pierre<\/p>\n<h3>Pour affaires ou pour d\u00e9couvrir<\/h3>\n<p>Pour s\u2019y perdre ou pour s\u2019y retrouver, Saint-Pierre et Miquelon ne laissent jamais indiff\u00e9rent et on peut se demander comment les habitants de l\u2019archipel ont su rester aussi fran\u00e7ais dans un environnement nord-am\u00e9ricain.<\/p>\n<p>Au c\u0153ur de l&rsquo;activit\u00e9 Saint-Pierraise, \u00e0 deux pas du bord de mer et de la place du G\u00e9n\u00e9ral de Gaulle, Nuits Saint-Pierre offre \u00e0 sa client\u00e8le une situation calme et privil\u00e9gi\u00e9e.<\/p>\n<p>Vous ne manquerez rien des bonnes tables de la ville, des bars o\u00f9 se m\u00ealent touristes et r\u00e9sidents, ou des lieux qui vous raconteront notre histoire.<\/p>\n<p>Nous serons heureux de vous offrir un service de concierge et d\u2019organiser avec vous votre s\u00e9jour dans l\u2019archipel.<\/p>\n<p>&nbsp;<\/p>","protected":false},"excerpt":{"rendered":"<p>L&rsquo;un des atouts majeurs de Nuits Saint-Pierre est sa situation id\u00e9ale en plein centre ville de Saint-Pierre tout en \u00e9tant dans une rue parall\u00e8le aux rues principales. Un l\u00e9ger retrait qui assure ainsi le calme que tout h\u00f4tel requiert.<br \/>\nAinsi, \u00ab\u00a0de porte \u00e0 porte\u00a0\u00bb Nuits Saint-Pierre est :<\/p>\n<p>\u00e0 172 m\u00e8tres du d\u00e9barcad\u00e8re\u00a0du ferry Le\u00a0Cabestan<br \/>\n\u00e0 115 m\u00e8tres de la Pr\u00e9fecture de Saint-Pierre,<br \/>\n\u00e0 <\/p>\n","protected":false},"author":2,"featured_media":0,"parent":0,"menu_order":5,"comment_status":"open","ping_status":"open","template":"","meta":{"_mi_skip_tracking":false},"_links":{"self":[{"href":"http:\/\/nuitssaintpierre.com\/index.php?rest_route=\/wp\/v2\/pages\/774"}],"collection":[{"href":"http:\/\/nuitssaintpierre.com\/index.php?rest_route=\/wp\/v2\/pages"}],"about":[{"href":"http:\/\/nuitssaintpierre.com\/index.php?rest_route=\/wp\/v2\/types\/page"}],"author":[{"embeddable":true,"href":"http:\/\/nuitssaintpierre.com\/index.php?rest_route=\/wp\/v2\/users\/2"}],"replies":[{"embeddable":true,"href":"http:\/\/nuitssaintpierre.com\/index.php?rest_route=%2Fwp%2Fv2%2Fcomments&post=774"}],"version-history":[{"count":9,"href":"http:\/\/nuitssaintpierre.com\/index.php?rest_route=\/wp\/v2\/pages\/774\/revisions"}],"predecessor-version":[{"id":10905,"href":"http:\/\/nuitssaintpierre.com\/index.php?rest_route=\/wp\/v2\/pages\/774\/revisions\/10905"}],"wp:attachment":[{"href":"http:\/\/nuitssaintpierre.com\/index.php?rest_route=%2Fwp%2Fv2%2Fmedia&parent=774"}],"curies":[{"name":"wp","href":"https:\/\/api.w.org\/{rel}","templated":true}]}}